{"id":1146,"date":"2025-12-21T16:20:50","date_gmt":"2025-12-21T16:20:50","guid":{"rendered":"https:\/\/escoladasfinancas.com\/?page_id=1146"},"modified":"2025-12-23T16:16:57","modified_gmt":"2025-12-23T16:16:57","slug":"homepage-2","status":"publish","type":"page","link":"https:\/\/escoladasfinancas.com\/","title":{"rendered":"Homepage"},"content":{"rendered":"","protected":false},"excerpt":{"rendered":"","protected":false},"author":1,"featured_media":0,"parent":0,"menu_order":0,"comment_status":"closed","ping_status":"closed","template":"","meta":{"_et_pb_use_builder":"on","_et_pb_old_content":"","_et_gb_content_width":"","inline_featured_image":false,"footnotes":""},"class_list":["post-1146","page","type-page","status-publish","hentry"],"yoast_head":"<!-- This site is optimized with the Yoast SEO plugin v26.6 - https:\/\/yoast.com\/wordpress\/plugins\/seo\/ -->\n<title>Escola das Finan\u00e7as<\/title>\n<meta name=\"description\" content=\"Aprende a gerir o teu dinheiro, recuperar propinas (Pr\u00e9mio Salarial) e preencher o IRS e IRS Jovem. Curso online e gratuito da Magma com a Cofidis e Fidelidade. Inscreve-te!\" \/>\n<meta name=\"robots\" content=\"index, follow, max-snippet:-1, max-image-preview:large, max-video-preview:-1\" \/>\n<link rel=\"canonical\" href=\"https:\/\/escoladasfinancas.com\/\" \/>\n<meta property=\"og:locale\" content=\"pt_PT\" \/>\n<meta property=\"og:type\" content=\"article\" \/>\n<meta property=\"og:title\" content=\"Escola das Finan\u00e7as\" \/>\n<meta property=\"og:description\" content=\"Aprende a gerir o teu dinheiro, recuperar propinas (Pr\u00e9mio Salarial) e preencher o IRS e IRS Jovem. Curso online e gratuito da Magma com a Cofidis e Fidelidade. Inscreve-te!\" \/>\n<meta property=\"og:url\" content=\"https:\/\/escoladasfinancas.com\/\" \/>\n<meta property=\"og:site_name\" content=\"Escola das Finan\u00e7as\" \/>\n<meta property=\"article:modified_time\" content=\"2025-12-23T16:16:57+00:00\" \/>\n<meta property=\"og:image\" content=\"https:\/\/escoladasfinancas.com\/wp-content\/uploads\/2025\/01\/MBA_metatag.jpg\" \/>\n\t<meta property=\"og:image:width\" content=\"2500\" \/>\n\t<meta property=\"og:image:height\" content=\"1308\" \/>\n\t<meta property=\"og:image:type\" content=\"image\/jpeg\" \/>\n<meta name=\"twitter:card\" content=\"summary_large_image\" \/>\n<script type=\"application\/ld+json\" class=\"yoast-schema-graph\">{\"@context\":\"https:\/\/schema.org\",\"@graph\":[{\"@type\":\"WebPage\",\"@id\":\"https:\/\/escoladasfinancas.com\/\",\"url\":\"https:\/\/escoladasfinancas.com\/\",\"name\":\"Escola das Finan\u00e7as\",\"isPartOf\":{\"@id\":\"https:\/\/escoladasfinancas.com\/#website\"},\"datePublished\":\"2025-12-21T16:20:50+00:00\",\"dateModified\":\"2025-12-23T16:16:57+00:00\",\"description\":\"Aprende a gerir o teu dinheiro, recuperar propinas (Pr\u00e9mio Salarial) e preencher o IRS e IRS Jovem. Curso online e gratuito da Magma com a Cofidis e Fidelidade. Inscreve-te!\",\"breadcrumb\":{\"@id\":\"https:\/\/escoladasfinancas.com\/#breadcrumb\"},\"inLanguage\":\"pt-PT\",\"potentialAction\":[{\"@type\":\"ReadAction\",\"target\":[\"https:\/\/escoladasfinancas.com\/\"]}]},{\"@type\":\"BreadcrumbList\",\"@id\":\"https:\/\/escoladasfinancas.com\/#breadcrumb\",\"itemListElement\":[{\"@type\":\"ListItem\",\"position\":1,\"name\":\"In\u00edcio\",\"item\":\"https:\/\/escoladasfinancas.com\/\"},{\"@type\":\"ListItem\",\"position\":2,\"name\":\"Homepage\"}]},{\"@type\":\"WebSite\",\"@id\":\"https:\/\/escoladasfinancas.com\/#website\",\"url\":\"https:\/\/escoladasfinancas.com\/\",\"name\":\"Escola das Finan\u00e7as\",\"description\":\"Descomplica o mundo financeiro. Vem aprender o que \u00e9 importante sobre IRS Jovem, Contratos, Cr\u00e9ditos, Poupan\u00e7a e Investimentos.\",\"publisher\":{\"@id\":\"https:\/\/escoladasfinancas.com\/#organization\"},\"alternateName\":\"Escola das Finan\u00e7as\",\"potentialAction\":[{\"@type\":\"SearchAction\",\"target\":{\"@type\":\"EntryPoint\",\"urlTemplate\":\"https:\/\/escoladasfinancas.com\/?s={search_term_string}\"},\"query-input\":{\"@type\":\"PropertyValueSpecification\",\"valueRequired\":true,\"valueName\":\"search_term_string\"}}],\"inLanguage\":\"pt-PT\"},{\"@type\":\"Organization\",\"@id\":\"https:\/\/escoladasfinancas.com\/#organization\",\"name\":\"Escola das Finan\u00e7as\",\"url\":\"https:\/\/escoladasfinancas.com\/\",\"logo\":{\"@type\":\"ImageObject\",\"inLanguage\":\"pt-PT\",\"@id\":\"https:\/\/escoladasfinancas.com\/#\/schema\/logo\/image\/\",\"url\":\"https:\/\/escoladasfinancas.com\/wp-content\/uploads\/2025\/01\/MBA_metatag.jpg\",\"contentUrl\":\"https:\/\/escoladasfinancas.com\/wp-content\/uploads\/2025\/01\/MBA_metatag.jpg\",\"width\":2500,\"height\":1308,\"caption\":\"Escola das Finan\u00e7as\"},\"image\":{\"@id\":\"https:\/\/escoladasfinancas.com\/#\/schema\/logo\/image\/\"}}]}<\/script>\n<!-- \/ Yoast SEO plugin. -->","yoast_head_json":{"title":"Escola das Finan\u00e7as","description":"Aprende a gerir o teu dinheiro, recuperar propinas (Pr\u00e9mio Salarial) e preencher o IRS e IRS Jovem. Curso online e gratuito da Magma com a Cofidis e Fidelidade. Inscreve-te!","robots":{"index":"index","follow":"follow","max-snippet":"max-snippet:-1","max-image-preview":"max-image-preview:large","max-video-preview":"max-video-preview:-1"},"canonical":"https:\/\/escoladasfinancas.com\/","og_locale":"pt_PT","og_type":"article","og_title":"Escola das Finan\u00e7as","og_description":"Aprende a gerir o teu dinheiro, recuperar propinas (Pr\u00e9mio Salarial) e preencher o IRS e IRS Jovem. Curso online e gratuito da Magma com a Cofidis e Fidelidade. Inscreve-te!","og_url":"https:\/\/escoladasfinancas.com\/","og_site_name":"Escola das Finan\u00e7as","article_modified_time":"2025-12-23T16:16:57+00:00","og_image":[{"width":2500,"height":1308,"url":"https:\/\/escoladasfinancas.com\/wp-content\/uploads\/2025\/01\/MBA_metatag.jpg","type":"image\/jpeg"}],"twitter_card":"summary_large_image","schema":{"@context":"https:\/\/schema.org","@graph":[{"@type":"WebPage","@id":"https:\/\/escoladasfinancas.com\/","url":"https:\/\/escoladasfinancas.com\/","name":"Escola das Finan\u00e7as","isPartOf":{"@id":"https:\/\/escoladasfinancas.com\/#website"},"datePublished":"2025-12-21T16:20:50+00:00","dateModified":"2025-12-23T16:16:57+00:00","description":"Aprende a gerir o teu dinheiro, recuperar propinas (Pr\u00e9mio Salarial) e preencher o IRS e IRS Jovem. Curso online e gratuito da Magma com a Cofidis e Fidelidade. Inscreve-te!","breadcrumb":{"@id":"https:\/\/escoladasfinancas.com\/#breadcrumb"},"inLanguage":"pt-PT","potentialAction":[{"@type":"ReadAction","target":["https:\/\/escoladasfinancas.com\/"]}]},{"@type":"BreadcrumbList","@id":"https:\/\/escoladasfinancas.com\/#breadcrumb","itemListElement":[{"@type":"ListItem","position":1,"name":"In\u00edcio","item":"https:\/\/escoladasfinancas.com\/"},{"@type":"ListItem","position":2,"name":"Homepage"}]},{"@type":"WebSite","@id":"https:\/\/escoladasfinancas.com\/#website","url":"https:\/\/escoladasfinancas.com\/","name":"Escola das Finan\u00e7as","description":"Descomplica o mundo financeiro. Vem aprender o que \u00e9 importante sobre IRS Jovem, Contratos, Cr\u00e9ditos, Poupan\u00e7a e Investimentos.","publisher":{"@id":"https:\/\/escoladasfinancas.com\/#organization"},"alternateName":"Escola das Finan\u00e7as","potentialAction":[{"@type":"SearchAction","target":{"@type":"EntryPoint","urlTemplate":"https:\/\/escoladasfinancas.com\/?s={search_term_string}"},"query-input":{"@type":"PropertyValueSpecification","valueRequired":true,"valueName":"search_term_string"}}],"inLanguage":"pt-PT"},{"@type":"Organization","@id":"https:\/\/escoladasfinancas.com\/#organization","name":"Escola das Finan\u00e7as","url":"https:\/\/escoladasfinancas.com\/","logo":{"@type":"ImageObject","inLanguage":"pt-PT","@id":"https:\/\/escoladasfinancas.com\/#\/schema\/logo\/image\/","url":"https:\/\/escoladasfinancas.com\/wp-content\/uploads\/2025\/01\/MBA_metatag.jpg","contentUrl":"https:\/\/escoladasfinancas.com\/wp-content\/uploads\/2025\/01\/MBA_metatag.jpg","width":2500,"height":1308,"caption":"Escola das Finan\u00e7as"},"image":{"@id":"https:\/\/escoladasfinancas.com\/#\/schema\/logo\/image\/"}}]}},"_links":{"self":[{"href":"https:\/\/escoladasfinancas.com\/index.php?rest_route=\/wp\/v2\/pages\/1146","targetHints":{"allow":["GET"]}}],"collection":[{"href":"https:\/\/escoladasfinancas.com\/index.php?rest_route=\/wp\/v2\/pages"}],"about":[{"href":"https:\/\/escoladasfinancas.com\/index.php?rest_route=\/wp\/v2\/types\/page"}],"author":[{"embeddable":true,"href":"https:\/\/escoladasfinancas.com\/index.php?rest_route=\/wp\/v2\/users\/1"}],"replies":[{"embeddable":true,"href":"https:\/\/escoladasfinancas.com\/index.php?rest_route=%2Fwp%2Fv2%2Fcomments&post=1146"}],"version-history":[{"count":3,"href":"https:\/\/escoladasfinancas.com\/index.php?rest_route=\/wp\/v2\/pages\/1146\/revisions"}],"predecessor-version":[{"id":1314,"href":"https:\/\/escoladasfinancas.com\/index.php?rest_route=\/wp\/v2\/pages\/1146\/revisions\/1314"}],"wp:attachment":[{"href":"https:\/\/escoladasfinancas.com\/index.php?rest_route=%2Fwp%2Fv2%2Fmedia&parent=1146"}],"curies":[{"name":"wp","href":"https:\/\/api.w.org\/{rel}","templated":true}]}}